{"id":1647,"date":"2019-04-16T08:03:00","date_gmt":"2019-04-16T07:03:00","guid":{"rendered":"https:\/\/cmpasquart.ch\/?page_id=1647"},"modified":"2019-04-23T09:01:56","modified_gmt":"2019-04-23T08:01:56","slug":"expertises-chirurgie-de-la-main","status":"publish","type":"page","link":"https:\/\/cmpasquart.ch\/?page_id=1647&lang=fr","title":{"rendered":"Expertises chirurgie de la main"},"content":{"rendered":"<p><strong>Dr med J\u00fcrg Wendling<br \/>\n<\/strong>Sp\u00e9cialiste en chirurgie de la main FMH<\/p>\n<p>Depuis 30 ans j&#8217;effectue des expertises en m\u00e9decine des assurances<br \/>\nOccasionnellement des expertises FMH<\/p>\n<p>Membre de la SIM (Swiss Insurance Medicine)<br \/>\nExpert certifi\u00e9 SIM<img loading=\"lazy\" decoding=\"async\" class=\"alignright wp-image-1609 size-medium\" src=\"https:\/\/cmpasquart.ch\/wp-content\/uploads\/2019\/02\/web-cmpq-071-224x300.jpg\" alt=\"\" width=\"224\" height=\"300\" srcset=\"https:\/\/cmpasquart.ch\/wp-content\/uploads\/2019\/02\/web-cmpq-071-224x300.jpg 224w, https:\/\/cmpasquart.ch\/wp-content\/uploads\/2019\/02\/web-cmpq-071-768x1028.jpg 768w, https:\/\/cmpasquart.ch\/wp-content\/uploads\/2019\/02\/web-cmpq-071-765x1024.jpg 765w, https:\/\/cmpasquart.ch\/wp-content\/uploads\/2019\/02\/web-cmpq-071.jpg 1932w\" sizes=\"auto, (max-width: 224px) 100vw, 224px\" \/><\/p>\n<p>&nbsp;<\/p>\n<p><strong>Demandes d&#8217;expertise<\/strong><br \/>\nVeuillez vous adresser par mail \u00e0 mail@wendling.ch ou t\u00e9l\u00e9phone au 032 322 38 38<br \/>\nLangues: fran\u00e7ais, allemand, italien<\/p>\n","protected":false},"excerpt":{"rendered":"<p>Dr med J\u00fcrg Wendling Sp\u00e9cialiste en chirurgie de la main FMH Depuis 30 ans j&#8217;effectue des expertises en m\u00e9decine des assurances Occasionnellement des expertises FMH Membre de la SIM (Swiss Insurance Medicine) Expert certifi\u00e9 SIM &nbsp; Demandes d&#8217;expertise Veuillez vous adresser par mail \u00e0 mail@wendling.ch ou t\u00e9l\u00e9phone au 032 322 38 38 Langues: fran\u00e7ais, allemand,<a href=\"https:\/\/cmpasquart.ch\/?page_id=1647&#038;lang=fr\">[&#8230;]<\/a><\/p>\n","protected":false},"author":2,"featured_media":1174,"parent":0,"menu_order":0,"comment_status":"closed","ping_status":"closed","template":"","meta":{"footnotes":""},"class_list":["post-1647","page","type-page","status-publish","has-post-thumbnail","hentry"],"_links":{"self":[{"href":"https:\/\/cmpasquart.ch\/index.php?rest_route=\/wp\/v2\/pages\/1647","targetHints":{"allow":["GET"]}}],"collection":[{"href":"https:\/\/cmpasquart.ch\/index.php?rest_route=\/wp\/v2\/pages"}],"about":[{"href":"https:\/\/cmpasquart.ch\/index.php?rest_route=\/wp\/v2\/types\/page"}],"author":[{"embeddable":true,"href":"https:\/\/cmpasquart.ch\/index.php?rest_route=\/wp\/v2\/users\/2"}],"replies":[{"embeddable":true,"href":"https:\/\/cmpasquart.ch\/index.php?rest_route=%2Fwp%2Fv2%2Fcomments&post=1647"}],"version-history":[{"count":5,"href":"https:\/\/cmpasquart.ch\/index.php?rest_route=\/wp\/v2\/pages\/1647\/revisions"}],"predecessor-version":[{"id":1664,"href":"https:\/\/cmpasquart.ch\/index.php?rest_route=\/wp\/v2\/pages\/1647\/revisions\/1664"}],"wp:featuredmedia":[{"embeddable":true,"href":"https:\/\/cmpasquart.ch\/index.php?rest_route=\/wp\/v2\/media\/1174"}],"wp:attachment":[{"href":"https:\/\/cmpasquart.ch\/index.php?rest_route=%2Fwp%2Fv2%2Fmedia&parent=1647"}],"curies":[{"name":"wp","href":"https:\/\/api.w.org\/{rel}","templated":true}]}}